{"id":5195,"date":"2024-02-23T22:34:29","date_gmt":"2024-02-23T22:34:29","guid":{"rendered":"http:\/\/pourvoiriequebecnature.com\/?page_id=5195"},"modified":"2024-03-22T15:10:28","modified_gmt":"2024-03-22T15:10:28","slug":"blogue-et-actualites","status":"publish","type":"page","link":"http:\/\/pourvoiriequebecnature.com\/en\/blogue-et-actualites\/","title":{"rendered":"Blog &amp; News"},"content":{"rendered":"<style>.elementor-5195 .elementor-element.elementor-element-2bd5778{--spacer-size:50px;}.elementor-5195 .elementor-element.elementor-element-6258ca3e:not(.elementor-motion-effects-element-type-background), .elementor-5195 .elementor-element.elementor-element-6258ca3e > .elementor-motion-effects-container > .elementor-motion-effects-layer{background-color:var( --e-global-color-primary );}.elementor-5195 .elementor-element.elementor-element-6258ca3e{transition:background 0.3s, border 0.3s, border-radius 0.3s, box-shadow 0.3s;}.elementor-5195 .elementor-element.elementor-element-6258ca3e > .elementor-background-overlay{transition:background 0.3s, border-radius 0.3s, opacity 0.3s;}.elementor-5195 .elementor-element.elementor-element-25d280dd:not(.elementor-motion-effects-element-type-background) > .elementor-widget-wrap, .elementor-5195 .elementor-element.elementor-element-25d280dd > .elementor-widget-wrap > .elementor-motion-effects-container > .elementor-motion-effects-layer{background-color:var( --e-global-color-primary );}.elementor-5195 .elementor-element.elementor-element-25d280dd > .elementor-element-populated >  .elementor-background-overlay{background-color:var( --e-global-color-primary );opacity:0.5;}.elementor-5195 .elementor-element.elementor-element-25d280dd > .elementor-element-populated{transition:background 0.3s, border 0.3s, border-radius 0.3s, box-shadow 0.3s;}.elementor-5195 .elementor-element.elementor-element-25d280dd > .elementor-element-populated > .elementor-background-overlay{transition:background 0.3s, border-radius 0.3s, opacity 0.3s;}.elementor-5195 .elementor-element.elementor-element-3c3da9ad .ova-heading .title .title-bold{font-weight:450;}.elementor-5195 .elementor-element.elementor-element-3c3da9ad .ova-heading .button-readmore{padding:14px 14px 14px 14px;margin:0px 0px 0px 0px;}.elementor-5195 .elementor-element.elementor-element-3c3da9ad .ova-heading .button-readmore  i{font-size:0px;}.elementor-5195 .elementor-element.elementor-element-3c3da9ad .ova-heading .background{top:119px;right:116px;}<\/style>\t\t<div data-elementor-type=\"wp-page\" data-elementor-id=\"5195\" class=\"elementor elementor-5195\" data-elementor-post-type=\"page\">\n\t\t\t\t\t\t<section class=\"elementor-section elementor-top-section elementor-element elementor-element-89c1563 elementor-section-boxed elementor-section-height-default elementor-section-height-default\" data-id=\"89c1563\" data-element_type=\"section\" data-e-type=\"section\">\n\t\t\t\t\t\t<div class=\"elementor-container elementor-column-gap-default\">\n\t\t\t\t\t<div class=\"elementor-column elementor-col-100 elementor-top-column elementor-element elementor-element-83e0d04\" data-id=\"83e0d04\" data-element_type=\"column\" data-e-type=\"column\">\n\t\t\t<div class=\"elementor-widget-wrap elementor-element-populated\">\n\t\t\t\t\t\t<div class=\"elementor-element elementor-element-2bd5778 elementor-widget elementor-widget-spacer\" data-id=\"2bd5778\" data-element_type=\"widget\" data-e-type=\"widget\" data-widget_type=\"spacer.default\">\n\t\t\t\t<div class=\"elementor-widget-container\">\n\t\t\t\t\t\t\t<div class=\"elementor-spacer\">\n\t\t\t<div class=\"elementor-spacer-inner\"><\/div>\n\t\t<\/div>\n\t\t\t\t\t\t<\/div>\n\t\t\t\t<\/div>\n\t\t\t\t\t<\/div>\n\t\t<\/div>\n\t\t\t\t\t<\/div>\n\t\t<\/section>\n\t\t\t\t<section class=\"elementor-section elementor-top-section elementor-element elementor-element-8ef4ec5 elementor-section-boxed elementor-section-height-default elementor-section-height-default\" data-id=\"8ef4ec5\" data-element_type=\"section\" data-e-type=\"section\">\n\t\t\t\t\t\t<div class=\"elementor-container elementor-column-gap-default\">\n\t\t\t\t\t<div class=\"elementor-column elementor-col-100 elementor-top-column elementor-element elementor-element-364353c\" data-id=\"364353c\" data-element_type=\"column\" data-e-type=\"column\">\n\t\t\t<div class=\"elementor-widget-wrap elementor-element-populated\">\n\t\t\t\t\t\t<div class=\"elementor-element elementor-element-2f33728 elementor-widget elementor-widget-vedhak_elementor_blog\" data-id=\"2f33728\" data-element_type=\"widget\" data-e-type=\"widget\" data-widget_type=\"vedhak_elementor_blog.default\">\n\t\t\t\t<div class=\"elementor-widget-container\">\n\t\t\t\t\t\r\n\t\t\t<ul class=\"ova-blog ova-column_3 template1\">\r\n\t\t\t\t\t\t\t  \t\t\t\t\t\t\t  \t<li class=\"item\">\r\n\t\t\t\t\t  \t\t<div class=\"media\">\r\n\t\t\t\t\t  \t\t\t\t\t\t\t\t\t\t\t  \t<div class=\"box-img\">\r\n\t\t\t\t\t\t\t\t  \t\t<a href=\"\" rel=\"bookmark\" title=\"Best lures for fishing in Monts Valin\">\r\n\t\t  \t\t\t\t\t\t\t\t\t<img decoding=\"async\" alt=\"\" src=\"https:\/\/pourvoiriequebecnature.com\/wp-content\/uploads\/2024\/02\/Pourvoirie-Qubec-Nature-peche-1200x900-copy-Max-Quality-768x660.webp\">\r\n\t\t\t\t\t\t\t\t\t  \t<\/a>\r\n\t\t\t\t\t\t\t\t\t  \t<div class=\"overlay\"><\/div>\r\n\t\t\t\t\t\t\t\t  \t<\/div>\r\n\t\t\t\t\t\t\t  \t\t\t\t\t\t\t  \t<\/div>\r\n\t\t\t\t\t\t  \t<div class=\"content\">\r\n\t\t\t\t\t\t  \t\t<ul class=\"post-meta\">\r\n\t\t\t\t\t\t\t\t\t\t\t\t\t\t\t\t  \t<\/ul>\r\n\t\t\t\t\t\t  \t\t\r\n\t\t\t\t\t\t  \t\t\t\t\t\t\t\t\t\t\t<h2 class=\"post-title\">\r\n\t\t\t\t\t\t\t\t\t\t<a href=\"http:\/\/pourvoiriequebecnature.com\/en\/2023\/03\/30\/meilleurs-leurres-peche-monts-valin\/\" rel=\"bookmark\" title=\"Best lures for fishing in Monts Valin\">\r\n\t\t\t\t\t\t\t\t\t\t\tBest lures for fishing in Monts Valin\t\t\t\t\t\t\t\t\t\t<\/a>\r\n\t\t\t\t\t\t\t\t\t<\/h2>\r\n\t\t\t\t\t\t\t\t\t\r\n\t\t\t\t\t\t\t\t\t<div class=\"read-more\" >\r\n\t\t\t\t\t\t\t\t\t\t<a href=\"http:\/\/pourvoiriequebecnature.com\/en\/2023\/03\/30\/meilleurs-leurres-peche-monts-valin\/\">\r\n\t\t\t\t\t\t\t\t\t\t\t<span class=\"text\">\r\n\t\t\t\t\t\t\t\t\t\t\t\tRead more\t\t\t\t\t\t\t\t\t\t\t<\/span>\r\n\t\t\t\t\t\t\t\t\t\t\t<span class=\"icon\">\r\n\t\t\t\t\t\t\t\t\t\t\t\t<i class=\"fas fa-angle-double-right\"><\/i>\r\n\t\t\t\t\t\t\t\t\t\t\t<\/span>\t\t\r\n\t\t\t\t\t\t\t\t\t\t<\/a>\r\n\t\t\t\t\t\t\t\t\t<\/div>\r\n\t\t\t\t\t\t\t\t\t\r\n\t\t\t\t\t\t  \t<\/div>\r\n\t\t\t\t\t  \t<\/li>\r\n\t\t\t\t  \t\t\t\t\t\t\t\t  \t\t\t\t\t\t\t  \t<li class=\"item\">\r\n\t\t\t\t\t  \t\t<div class=\"media\">\r\n\t\t\t\t\t  \t\t\t\t\t\t\t\t\t\t\t  \t<div class=\"box-img\">\r\n\t\t\t\t\t\t\t\t  \t\t<a href=\"\" rel=\"bookmark\" title=\"Tips for properly equipping yourself for fishing\">\r\n\t\t  \t\t\t\t\t\t\t\t\t<img decoding=\"async\" alt=\"\" src=\"https:\/\/pourvoiriequebecnature.com\/wp-content\/uploads\/2023\/03\/Pourvoirie-Qubec-Nature-Blogue-1200x900-Max-Quality-768x660.webp\">\r\n\t\t\t\t\t\t\t\t\t  \t<\/a>\r\n\t\t\t\t\t\t\t\t\t  \t<div class=\"overlay\"><\/div>\r\n\t\t\t\t\t\t\t\t  \t<\/div>\r\n\t\t\t\t\t\t\t  \t\t\t\t\t\t\t  \t<\/div>\r\n\t\t\t\t\t\t  \t<div class=\"content\">\r\n\t\t\t\t\t\t  \t\t<ul class=\"post-meta\">\r\n\t\t\t\t\t\t\t\t\t\t\t\t\t\t\t\t  \t<\/ul>\r\n\t\t\t\t\t\t  \t\t\r\n\t\t\t\t\t\t  \t\t\t\t\t\t\t\t\t\t\t<h2 class=\"post-title\">\r\n\t\t\t\t\t\t\t\t\t\t<a href=\"http:\/\/pourvoiriequebecnature.com\/en\/2023\/03\/30\/bien-equiper-peche\/\" rel=\"bookmark\" title=\"Tips for properly equipping yourself for fishing\">\r\n\t\t\t\t\t\t\t\t\t\t\tTips for properly equipping yourself for fishing\t\t\t\t\t\t\t\t\t\t<\/a>\r\n\t\t\t\t\t\t\t\t\t<\/h2>\r\n\t\t\t\t\t\t\t\t\t\r\n\t\t\t\t\t\t\t\t\t<div class=\"read-more\" >\r\n\t\t\t\t\t\t\t\t\t\t<a href=\"http:\/\/pourvoiriequebecnature.com\/en\/2023\/03\/30\/bien-equiper-peche\/\">\r\n\t\t\t\t\t\t\t\t\t\t\t<span class=\"text\">\r\n\t\t\t\t\t\t\t\t\t\t\t\tRead more\t\t\t\t\t\t\t\t\t\t\t<\/span>\r\n\t\t\t\t\t\t\t\t\t\t\t<span class=\"icon\">\r\n\t\t\t\t\t\t\t\t\t\t\t\t<i class=\"fas fa-angle-double-right\"><\/i>\r\n\t\t\t\t\t\t\t\t\t\t\t<\/span>\t\t\r\n\t\t\t\t\t\t\t\t\t\t<\/a>\r\n\t\t\t\t\t\t\t\t\t<\/div>\r\n\t\t\t\t\t\t\t\t\t\r\n\t\t\t\t\t\t  \t<\/div>\r\n\t\t\t\t\t  \t<\/li>\r\n\t\t\t\t  \t\t\t\t\t\t\t\t  \t\t\t\t\t\t\t  \t<li class=\"item\">\r\n\t\t\t\t\t  \t\t<div class=\"media\">\r\n\t\t\t\t\t  \t\t\t\t\t\t\t\t\t\t\t  \t<div class=\"box-img\">\r\n\t\t\t\t\t\t\t\t  \t\t<a href=\"\" rel=\"bookmark\" title=\"Fly fishing guides\">\r\n\t\t  \t\t\t\t\t\t\t\t\t<img decoding=\"async\" alt=\"\" src=\"https:\/\/pourvoiriequebecnature.com\/wp-content\/uploads\/2023\/03\/Pourvoirie-Qubec-Nature-Blogue-1200x900-Max-Quality-2-768x660.webp\">\r\n\t\t\t\t\t\t\t\t\t  \t<\/a>\r\n\t\t\t\t\t\t\t\t\t  \t<div class=\"overlay\"><\/div>\r\n\t\t\t\t\t\t\t\t  \t<\/div>\r\n\t\t\t\t\t\t\t  \t\t\t\t\t\t\t  \t<\/div>\r\n\t\t\t\t\t\t  \t<div class=\"content\">\r\n\t\t\t\t\t\t  \t\t<ul class=\"post-meta\">\r\n\t\t\t\t\t\t\t\t\t\t\t\t\t\t\t\t  \t<\/ul>\r\n\t\t\t\t\t\t  \t\t\r\n\t\t\t\t\t\t  \t\t\t\t\t\t\t\t\t\t\t<h2 class=\"post-title\">\r\n\t\t\t\t\t\t\t\t\t\t<a href=\"http:\/\/pourvoiriequebecnature.com\/en\/2023\/03\/27\/guide-peche-mouche\/\" rel=\"bookmark\" title=\"Fly fishing guides\">\r\n\t\t\t\t\t\t\t\t\t\t\tFly fishing guides\t\t\t\t\t\t\t\t\t\t<\/a>\r\n\t\t\t\t\t\t\t\t\t<\/h2>\r\n\t\t\t\t\t\t\t\t\t\r\n\t\t\t\t\t\t\t\t\t<div class=\"read-more\" >\r\n\t\t\t\t\t\t\t\t\t\t<a href=\"http:\/\/pourvoiriequebecnature.com\/en\/2023\/03\/27\/guide-peche-mouche\/\">\r\n\t\t\t\t\t\t\t\t\t\t\t<span class=\"text\">\r\n\t\t\t\t\t\t\t\t\t\t\t\tRead more\t\t\t\t\t\t\t\t\t\t\t<\/span>\r\n\t\t\t\t\t\t\t\t\t\t\t<span class=\"icon\">\r\n\t\t\t\t\t\t\t\t\t\t\t\t<i class=\"fas fa-angle-double-right\"><\/i>\r\n\t\t\t\t\t\t\t\t\t\t\t<\/span>\t\t\r\n\t\t\t\t\t\t\t\t\t\t<\/a>\r\n\t\t\t\t\t\t\t\t\t<\/div>\r\n\t\t\t\t\t\t\t\t\t\r\n\t\t\t\t\t\t  \t<\/div>\r\n\t\t\t\t\t  \t<\/li>\r\n\t\t\t\t  \t\t\t\t\t\t\t\t<\/ul>\r\n\t\t\t\t\t\t<\/div>\n\t\t\t\t<\/div>\n\t\t\t\t\t<\/div>\n\t\t<\/div>\n\t\t\t\t\t<\/div>\n\t\t<\/section>\n\t\t\t\t<section class=\"elementor-section elementor-top-section elementor-element elementor-element-6258ca3e elementor-section-full_width elementor-section-height-default elementor-section-height-default\" data-id=\"6258ca3e\" data-element_type=\"section\" data-e-type=\"section\" data-settings=\"{&quot;background_background&quot;:&quot;classic&quot;}\">\n\t\t\t\t\t\t<div class=\"elementor-container elementor-column-gap-no\">\n\t\t\t\t\t<div class=\"elementor-column elementor-col-100 elementor-top-column elementor-element elementor-element-25d280dd\" data-id=\"25d280dd\" data-element_type=\"column\" data-e-type=\"column\" data-settings=\"{&quot;background_background&quot;:&quot;classic&quot;}\">\n\t\t\t<div class=\"elementor-widget-wrap elementor-element-populated\">\n\t\t\t\t\t<div class=\"elementor-background-overlay\"><\/div>\n\t\t\t\t\t\t<div class=\"elementor-element elementor-element-3c3da9ad elementor-widget elementor-widget-vedhak_elementor_heading\" data-id=\"3c3da9ad\" data-element_type=\"widget\" data-e-type=\"widget\" data-widget_type=\"vedhak_elementor_heading.default\">\n\t\t\t\t<div class=\"elementor-widget-container\">\n\t\t\t\t\t\t\t\t<div class=\"ova-heading template2\">\r\n\r\n\t\t\t\t\r\n\t\t\t\t\t\t\t\t\t<div class=\"wrap-content\">\r\n\t\t\t\t\r\n\t\t\t\t\t\t\t\t\t\t\r\n\t\t\t\t\t\t<h3 class=\"title\"><a href=\"https:\/\/pourvoiriequebecnature.com\/en\/peche\/\" target=\"_blank\" ><span class=\"title-bold\">Live the fishing adventure\n<\/span><span class=\"title-normal\">of your life!<\/span><\/a><\/h3>\r\n\r\n\t\t\t\t\t\r\n\r\n\t\t\t\t\t\r\n\t\t\t\t\t\t\t\t\t\t\t\t\t<a href=\"https:\/\/pourvoiriequebecnature.com\/en\/peche\/\" class=\"button-readmore\" \r\n\t\t\t\t\t\t\t\ttarget=\"_blank\" >\r\n\r\n\t\t\t\t\t\t\t\tDiscover\r\n\t\t\t\t\t\t\t\t<i class=\"fas fa-angle-double-right\"><\/i>\r\n\t\t\t\t\t\t\t\t\r\n\t\t\t\t\t\t\t<\/a>\r\n\t\t\t\t\t\t\r\n\t\t\t\t\t\t<div class=\"background\">\r\n\t\t\t\t\t\t\tFishing\t\t\t\t\t\t<\/div>\r\n\r\n\t\t\t\t\t\t\t\t\t\r\n\t\t\t\t\t\t\t\t\t<\/div>\r\n\t\t\t\t\r\n\t\t\t\t\r\n\t\t\t<\/div>\r\n\r\n\t\t\t\t\t\t<\/div>\n\t\t\t\t<\/div>\n\t\t\t\t\t<\/div>\n\t\t<\/div>\n\t\t\t\t\t<\/div>\n\t\t<\/section>\n\t\t\t\t<\/div>","protected":false},"excerpt":{"rendered":"<p>Meilleurs leurres pour la p\u00eache aux Monts Valin Lire plus Conseils pour bien s\u2019\u00e9quiper pour la p\u00eache Lire plus Guides de p\u00eache \u00e0 la mouche Lire plus Vivez l&rsquo;aventure de p\u00eache de votre vie! D\u00e9couvrir P\u00eache<\/p>","protected":false},"author":1,"featured_media":0,"parent":0,"menu_order":0,"comment_status":"closed","ping_status":"closed","template":"elementor_header_footer","meta":{"_acf_changed":false,"footnotes":""},"class_list":["post-5195","page","type-page","status-publish","hentry"],"acf":[],"yoast_head":"<!-- This site is optimized with the Yoast SEO Premium plugin v25.5 (Yoast SEO v27.3) - https:\/\/yoast.com\/product\/yoast-seo-premium-wordpress\/ -->\n<title>Blogue &amp; Actualit\u00e9s - Pourvoirie Qu\u00e9bec Nature<\/title>\n<meta name=\"description\" content=\"Suivez notre Blogue et Actualit\u00e9s, pour y d\u00e9couvrir des conseils, astuces, tendances mais aussi rester informer sur nos activit\u00e9s.\" \/>\n<meta name=\"robots\" content=\"index, follow, max-snippet:-1, max-image-preview:large, max-video-preview:-1\" \/>\n<link rel=\"canonical\" href=\"https:\/\/pourvoiriequebecnature.com\/en\/blogue-et-actualites\/\" \/>\n<meta property=\"og:locale\" content=\"en_US\" \/>\n<meta property=\"og:type\" content=\"article\" \/>\n<meta property=\"og:title\" content=\"Blogue &amp; Actualit\u00e9s\" \/>\n<meta property=\"og:description\" content=\"Suivez notre Blogue et Actualit\u00e9s, pour y d\u00e9couvrir des conseils, astuces, tendances mais aussi rester informer sur nos activit\u00e9s.\" \/>\n<meta property=\"og:url\" content=\"https:\/\/pourvoiriequebecnature.com\/en\/blogue-et-actualites\/\" \/>\n<meta property=\"og:site_name\" content=\"Pourvoirie Qu\u00e9bec Nature\" \/>\n<meta property=\"article:publisher\" content=\"https:\/\/www.facebook.com\/PourvoirieQuebecNature\" \/>\n<meta property=\"article:modified_time\" content=\"2024-03-22T15:10:28+00:00\" \/>\n<meta property=\"og:image\" content=\"http:\/\/pourvoiriequebecnature.com\/wp-content\/uploads\/2024\/02\/Pourvoirie-Qubec-Nature-peche-1200x900-copy-Max-Quality-768x660.webp\" \/>\n<meta name=\"twitter:card\" content=\"summary_large_image\" \/>\n<meta name=\"twitter:label1\" content=\"Est. reading time\" \/>\n\t<meta name=\"twitter:data1\" content=\"1 minute\" \/>\n<script type=\"application\/ld+json\" class=\"yoast-schema-graph\">{\"@context\":\"https:\\\/\\\/schema.org\",\"@graph\":[{\"@type\":\"WebPage\",\"@id\":\"https:\\\/\\\/pourvoiriequebecnature.com\\\/blogue-et-actualites\\\/\",\"url\":\"https:\\\/\\\/pourvoiriequebecnature.com\\\/blogue-et-actualites\\\/\",\"name\":\"Blogue & Actualit\u00e9s - Pourvoirie Qu\u00e9bec Nature\",\"isPartOf\":{\"@id\":\"https:\\\/\\\/pourvoiriequebecnature.com\\\/#website\"},\"primaryImageOfPage\":{\"@id\":\"https:\\\/\\\/pourvoiriequebecnature.com\\\/blogue-et-actualites\\\/#primaryimage\"},\"image\":{\"@id\":\"https:\\\/\\\/pourvoiriequebecnature.com\\\/blogue-et-actualites\\\/#primaryimage\"},\"thumbnailUrl\":\"http:\\\/\\\/pourvoiriequebecnature.com\\\/wp-content\\\/uploads\\\/2024\\\/02\\\/Pourvoirie-Qubec-Nature-peche-1200x900-copy-Max-Quality-768x660.webp\",\"datePublished\":\"2024-02-23T22:34:29+00:00\",\"dateModified\":\"2024-03-22T15:10:28+00:00\",\"description\":\"Suivez notre Blogue et Actualit\u00e9s, pour y d\u00e9couvrir des conseils, astuces, tendances mais aussi rester informer sur nos activit\u00e9s.\",\"breadcrumb\":{\"@id\":\"https:\\\/\\\/pourvoiriequebecnature.com\\\/blogue-et-actualites\\\/#breadcrumb\"},\"inLanguage\":\"en-CA\",\"potentialAction\":[{\"@type\":\"ReadAction\",\"target\":[\"https:\\\/\\\/pourvoiriequebecnature.com\\\/blogue-et-actualites\\\/\"]}]},{\"@type\":\"ImageObject\",\"inLanguage\":\"en-CA\",\"@id\":\"https:\\\/\\\/pourvoiriequebecnature.com\\\/blogue-et-actualites\\\/#primaryimage\",\"url\":\"http:\\\/\\\/pourvoiriequebecnature.com\\\/wp-content\\\/uploads\\\/2024\\\/02\\\/Pourvoirie-Qubec-Nature-peche-1200x900-copy-Max-Quality-768x660.webp\",\"contentUrl\":\"http:\\\/\\\/pourvoiriequebecnature.com\\\/wp-content\\\/uploads\\\/2024\\\/02\\\/Pourvoirie-Qubec-Nature-peche-1200x900-copy-Max-Quality-768x660.webp\"},{\"@type\":\"BreadcrumbList\",\"@id\":\"https:\\\/\\\/pourvoiriequebecnature.com\\\/blogue-et-actualites\\\/#breadcrumb\",\"itemListElement\":[{\"@type\":\"ListItem\",\"position\":1,\"name\":\"Home\",\"item\":\"https:\\\/\\\/pourvoiriequebecnature.com\\\/\"},{\"@type\":\"ListItem\",\"position\":2,\"name\":\"Blogue &#038; Actualit\u00e9s\"}]},{\"@type\":\"WebSite\",\"@id\":\"https:\\\/\\\/pourvoiriequebecnature.com\\\/#website\",\"url\":\"https:\\\/\\\/pourvoiriequebecnature.com\\\/\",\"name\":\"Pourvoirie Qu\u00e9bec Nature\",\"description\":\"\",\"publisher\":{\"@id\":\"https:\\\/\\\/pourvoiriequebecnature.com\\\/#organization\"},\"potentialAction\":[{\"@type\":\"SearchAction\",\"target\":{\"@type\":\"EntryPoint\",\"urlTemplate\":\"https:\\\/\\\/pourvoiriequebecnature.com\\\/?s={search_term_string}\"},\"query-input\":{\"@type\":\"PropertyValueSpecification\",\"valueRequired\":true,\"valueName\":\"search_term_string\"}}],\"inLanguage\":\"en-CA\"},{\"@type\":\"Organization\",\"@id\":\"https:\\\/\\\/pourvoiriequebecnature.com\\\/#organization\",\"name\":\"Pourvoirie Qu\u00e9bec Nature\",\"url\":\"https:\\\/\\\/pourvoiriequebecnature.com\\\/\",\"logo\":{\"@type\":\"ImageObject\",\"inLanguage\":\"en-CA\",\"@id\":\"https:\\\/\\\/pourvoiriequebecnature.com\\\/#\\\/schema\\\/logo\\\/image\\\/\",\"url\":\"https:\\\/\\\/pourvoiriequebecnature.com\\\/wp-content\\\/uploads\\\/2023\\\/03\\\/PourvoirieQuebecNature_LogoPhoto.png\",\"contentUrl\":\"https:\\\/\\\/pourvoiriequebecnature.com\\\/wp-content\\\/uploads\\\/2023\\\/03\\\/PourvoirieQuebecNature_LogoPhoto.png\",\"width\":1800,\"height\":1800,\"caption\":\"Pourvoirie Qu\u00e9bec Nature\"},\"image\":{\"@id\":\"https:\\\/\\\/pourvoiriequebecnature.com\\\/#\\\/schema\\\/logo\\\/image\\\/\"},\"sameAs\":[\"https:\\\/\\\/www.facebook.com\\\/PourvoirieQuebecNature\"],\"description\":\"Vivez l'exp\u00e9rience ultime au paradis de truites mouchet\u00e9es indig\u00e8nes en plein c\u0153ur des monts Valin, que ce soit en auberge ou dans un magnifique chalet en bois rond.\",\"email\":\"quebecnature@outlook.com\",\"telephone\":\"(418) 573-4112\"}]}<\/script>\n<!-- \/ Yoast SEO Premium plugin. -->","yoast_head_json":{"title":"Blogue & Actualit\u00e9s - Pourvoirie Qu\u00e9bec Nature","description":"Suivez notre Blogue et Actualit\u00e9s, pour y d\u00e9couvrir des conseils, astuces, tendances mais aussi rester informer sur nos activit\u00e9s.","robots":{"index":"index","follow":"follow","max-snippet":"max-snippet:-1","max-image-preview":"max-image-preview:large","max-video-preview":"max-video-preview:-1"},"canonical":"https:\/\/pourvoiriequebecnature.com\/en\/blogue-et-actualites\/","og_locale":"en_US","og_type":"article","og_title":"Blogue & Actualit\u00e9s","og_description":"Suivez notre Blogue et Actualit\u00e9s, pour y d\u00e9couvrir des conseils, astuces, tendances mais aussi rester informer sur nos activit\u00e9s.","og_url":"https:\/\/pourvoiriequebecnature.com\/en\/blogue-et-actualites\/","og_site_name":"Pourvoirie Qu\u00e9bec Nature","article_publisher":"https:\/\/www.facebook.com\/PourvoirieQuebecNature","article_modified_time":"2024-03-22T15:10:28+00:00","og_image":[{"url":"http:\/\/pourvoiriequebecnature.com\/wp-content\/uploads\/2024\/02\/Pourvoirie-Qubec-Nature-peche-1200x900-copy-Max-Quality-768x660.webp","type":"","width":"","height":""}],"twitter_card":"summary_large_image","twitter_misc":{"Est. reading time":"1 minute"},"schema":{"@context":"https:\/\/schema.org","@graph":[{"@type":"WebPage","@id":"https:\/\/pourvoiriequebecnature.com\/blogue-et-actualites\/","url":"https:\/\/pourvoiriequebecnature.com\/blogue-et-actualites\/","name":"Blogue & Actualit\u00e9s - Pourvoirie Qu\u00e9bec Nature","isPartOf":{"@id":"https:\/\/pourvoiriequebecnature.com\/#website"},"primaryImageOfPage":{"@id":"https:\/\/pourvoiriequebecnature.com\/blogue-et-actualites\/#primaryimage"},"image":{"@id":"https:\/\/pourvoiriequebecnature.com\/blogue-et-actualites\/#primaryimage"},"thumbnailUrl":"http:\/\/pourvoiriequebecnature.com\/wp-content\/uploads\/2024\/02\/Pourvoirie-Qubec-Nature-peche-1200x900-copy-Max-Quality-768x660.webp","datePublished":"2024-02-23T22:34:29+00:00","dateModified":"2024-03-22T15:10:28+00:00","description":"Suivez notre Blogue et Actualit\u00e9s, pour y d\u00e9couvrir des conseils, astuces, tendances mais aussi rester informer sur nos activit\u00e9s.","breadcrumb":{"@id":"https:\/\/pourvoiriequebecnature.com\/blogue-et-actualites\/#breadcrumb"},"inLanguage":"en-CA","potentialAction":[{"@type":"ReadAction","target":["https:\/\/pourvoiriequebecnature.com\/blogue-et-actualites\/"]}]},{"@type":"ImageObject","inLanguage":"en-CA","@id":"https:\/\/pourvoiriequebecnature.com\/blogue-et-actualites\/#primaryimage","url":"http:\/\/pourvoiriequebecnature.com\/wp-content\/uploads\/2024\/02\/Pourvoirie-Qubec-Nature-peche-1200x900-copy-Max-Quality-768x660.webp","contentUrl":"http:\/\/pourvoiriequebecnature.com\/wp-content\/uploads\/2024\/02\/Pourvoirie-Qubec-Nature-peche-1200x900-copy-Max-Quality-768x660.webp"},{"@type":"BreadcrumbList","@id":"https:\/\/pourvoiriequebecnature.com\/blogue-et-actualites\/#breadcrumb","itemListElement":[{"@type":"ListItem","position":1,"name":"Home","item":"https:\/\/pourvoiriequebecnature.com\/"},{"@type":"ListItem","position":2,"name":"Blogue &#038; Actualit\u00e9s"}]},{"@type":"WebSite","@id":"https:\/\/pourvoiriequebecnature.com\/#website","url":"https:\/\/pourvoiriequebecnature.com\/","name":"Quebec Nature Outfitter","description":"","publisher":{"@id":"https:\/\/pourvoiriequebecnature.com\/#organization"},"potentialAction":[{"@type":"SearchAction","target":{"@type":"EntryPoint","urlTemplate":"https:\/\/pourvoiriequebecnature.com\/?s={search_term_string}"},"query-input":{"@type":"PropertyValueSpecification","valueRequired":true,"valueName":"search_term_string"}}],"inLanguage":"en-CA"},{"@type":"Organization","@id":"https:\/\/pourvoiriequebecnature.com\/#organization","name":"Quebec Nature Outfitter","url":"https:\/\/pourvoiriequebecnature.com\/","logo":{"@type":"ImageObject","inLanguage":"en-CA","@id":"https:\/\/pourvoiriequebecnature.com\/#\/schema\/logo\/image\/","url":"https:\/\/pourvoiriequebecnature.com\/wp-content\/uploads\/2023\/03\/PourvoirieQuebecNature_LogoPhoto.png","contentUrl":"https:\/\/pourvoiriequebecnature.com\/wp-content\/uploads\/2023\/03\/PourvoirieQuebecNature_LogoPhoto.png","width":1800,"height":1800,"caption":"Pourvoirie Qu\u00e9bec Nature"},"image":{"@id":"https:\/\/pourvoiriequebecnature.com\/#\/schema\/logo\/image\/"},"sameAs":["https:\/\/www.facebook.com\/PourvoirieQuebecNature"],"description":"Experience the ultimate native brook trout paradise in the heart of the Valin Mountains, whether in a lodge or a magnificent log cabin.","email":"quebecnature@outlook.com","telephone":"(418) 573-4112"}]}},"_links":{"self":[{"href":"http:\/\/pourvoiriequebecnature.com\/en\/wp-json\/wp\/v2\/pages\/5195","targetHints":{"allow":["GET"]}}],"collection":[{"href":"http:\/\/pourvoiriequebecnature.com\/en\/wp-json\/wp\/v2\/pages"}],"about":[{"href":"http:\/\/pourvoiriequebecnature.com\/en\/wp-json\/wp\/v2\/types\/page"}],"author":[{"embeddable":true,"href":"http:\/\/pourvoiriequebecnature.com\/en\/wp-json\/wp\/v2\/users\/1"}],"replies":[{"embeddable":true,"href":"http:\/\/pourvoiriequebecnature.com\/en\/wp-json\/wp\/v2\/comments?post=5195"}],"version-history":[{"count":0,"href":"http:\/\/pourvoiriequebecnature.com\/en\/wp-json\/wp\/v2\/pages\/5195\/revisions"}],"wp:attachment":[{"href":"http:\/\/pourvoiriequebecnature.com\/en\/wp-json\/wp\/v2\/media?parent=5195"}],"curies":[{"name":"wp","href":"https:\/\/api.w.org\/{rel}","templated":true}]}}