{"id":4489,"date":"2024-02-21T23:36:32","date_gmt":"2024-02-21T23:36:32","guid":{"rendered":"http:\/\/pourvoiriequebecnature.com\/?page_id=4489"},"modified":"2024-03-22T18:38:55","modified_gmt":"2024-03-22T18:38:55","slug":"carte-territoires-chasse","status":"publish","type":"page","link":"https:\/\/pourvoiriequebecnature.com\/en\/carte-territoires-chasse\/","title":{"rendered":"Map of hunting territories"},"content":{"rendered":"<style><\/style>\t\t<div data-elementor-type=\"wp-page\" data-elementor-id=\"4489\" class=\"elementor elementor-4489\" data-elementor-post-type=\"page\">\n\t\t\t\t\t\t<section class=\"elementor-section elementor-top-section elementor-element elementor-element-2a4d560 elementor-section-boxed elementor-section-height-default elementor-section-height-default\" data-id=\"2a4d560\" data-element_type=\"section\" data-e-type=\"section\">\n\t\t\t\t\t\t<div class=\"elementor-container elementor-column-gap-default\">\n\t\t\t\t\t<div class=\"elementor-column elementor-col-100 elementor-top-column elementor-element elementor-element-f221a54\" data-id=\"f221a54\" data-element_type=\"column\" data-e-type=\"column\">\n\t\t\t<div class=\"elementor-widget-wrap elementor-element-populated\">\n\t\t\t\t\t\t<div class=\"elementor-element elementor-element-b290b2d elementor-widget elementor-widget-menu-anchor\" data-id=\"b290b2d\" data-element_type=\"widget\" data-e-type=\"widget\" data-widget_type=\"menu-anchor.default\">\n\t\t\t\t<div class=\"elementor-widget-container\">\n\t\t\t\t\t\t\t<div class=\"elementor-menu-anchor\" id=\"carte-chasse-nord-1\"><\/div>\n\t\t\t\t\t\t<\/div>\n\t\t\t\t<\/div>\n\t\t\t\t\t<\/div>\n\t\t<\/div>\n\t\t\t\t\t<\/div>\n\t\t<\/section>\n\t\t\t\t<section class=\"elementor-section elementor-top-section elementor-element elementor-element-aaada91 elementor-section-boxed elementor-section-height-default elementor-section-height-default\" data-id=\"aaada91\" data-element_type=\"section\" data-e-type=\"section\">\n\t\t\t\t\t\t<div class=\"elementor-container elementor-column-gap-default\">\n\t\t\t\t\t<div class=\"elementor-column elementor-col-100 elementor-top-column elementor-element elementor-element-c472512\" data-id=\"c472512\" data-element_type=\"column\" data-e-type=\"column\">\n\t\t\t<div class=\"elementor-widget-wrap elementor-element-populated\">\n\t\t\t\t\t\t<div class=\"elementor-element elementor-element-1db1f1f elementor-widget elementor-widget-image\" data-id=\"1db1f1f\" data-element_type=\"widget\" data-e-type=\"widget\" data-widget_type=\"image.default\">\n\t\t\t\t<div class=\"elementor-widget-container\">\n\t\t\t\t\t\t\t\t\t\t\t\t\t\t\t<img fetchpriority=\"high\" decoding=\"async\" width=\"791\" height=\"1024\" src=\"https:\/\/pourvoiriequebecnature.com\/wp-content\/uploads\/2024\/03\/1710381610291-8df755d9-abe9-4cbd-b9a6-016e321eec9f_1.jpg\" class=\"attachment-large size-large wp-image-6241\" alt=\"Pourvoirie Qu\u00e9bec Nature - Secteur Chasse Nord 1\" srcset=\"https:\/\/pourvoiriequebecnature.com\/wp-content\/uploads\/2024\/03\/1710381610291-8df755d9-abe9-4cbd-b9a6-016e321eec9f_1.jpg 791w, https:\/\/pourvoiriequebecnature.com\/wp-content\/uploads\/2024\/03\/1710381610291-8df755d9-abe9-4cbd-b9a6-016e321eec9f_1-232x300.jpg 232w, https:\/\/pourvoiriequebecnature.com\/wp-content\/uploads\/2024\/03\/1710381610291-8df755d9-abe9-4cbd-b9a6-016e321eec9f_1-768x994.jpg 768w, https:\/\/pourvoiriequebecnature.com\/wp-content\/uploads\/2024\/03\/1710381610291-8df755d9-abe9-4cbd-b9a6-016e321eec9f_1-9x12.jpg 9w, https:\/\/pourvoiriequebecnature.com\/wp-content\/uploads\/2024\/03\/1710381610291-8df755d9-abe9-4cbd-b9a6-016e321eec9f_1-600x777.jpg 600w, https:\/\/pourvoiriequebecnature.com\/wp-content\/uploads\/2024\/03\/1710381610291-8df755d9-abe9-4cbd-b9a6-016e321eec9f_1-750x971.jpg 750w\" sizes=\"(max-width: 791px) 100vw, 791px\" \/>\t\t\t\t\t\t\t\t\t\t\t\t\t\t\t<\/div>\n\t\t\t\t<\/div>\n\t\t\t\t\t<\/div>\n\t\t<\/div>\n\t\t\t\t\t<\/div>\n\t\t<\/section>\n\t\t\t\t<section class=\"elementor-section elementor-top-section elementor-element elementor-element-3c7ca00 elementor-section-boxed elementor-section-height-default elementor-section-height-default\" data-id=\"3c7ca00\" data-element_type=\"section\" data-e-type=\"section\">\n\t\t\t\t\t\t<div class=\"elementor-container elementor-column-gap-default\">\n\t\t\t\t\t<div class=\"elementor-column elementor-col-100 elementor-top-column elementor-element elementor-element-f926d89\" data-id=\"f926d89\" data-element_type=\"column\" data-e-type=\"column\">\n\t\t\t<div class=\"elementor-widget-wrap elementor-element-populated\">\n\t\t\t\t\t\t<div class=\"elementor-element elementor-element-813c23b elementor-widget elementor-widget-menu-anchor\" data-id=\"813c23b\" data-element_type=\"widget\" data-e-type=\"widget\" data-widget_type=\"menu-anchor.default\">\n\t\t\t\t<div class=\"elementor-widget-container\">\n\t\t\t\t\t\t\t<div class=\"elementor-menu-anchor\" id=\"carte-chasse-barrage-2\"><\/div>\n\t\t\t\t\t\t<\/div>\n\t\t\t\t<\/div>\n\t\t\t\t\t<\/div>\n\t\t<\/div>\n\t\t\t\t\t<\/div>\n\t\t<\/section>\n\t\t\t\t<section class=\"elementor-section elementor-top-section elementor-element elementor-element-6c13007 elementor-section-boxed elementor-section-height-default elementor-section-height-default\" data-id=\"6c13007\" data-element_type=\"section\" data-e-type=\"section\">\n\t\t\t\t\t\t<div class=\"elementor-container elementor-column-gap-default\">\n\t\t\t\t\t<div class=\"elementor-column elementor-col-100 elementor-top-column elementor-element elementor-element-29d91d8\" data-id=\"29d91d8\" data-element_type=\"column\" data-e-type=\"column\">\n\t\t\t<div class=\"elementor-widget-wrap elementor-element-populated\">\n\t\t\t\t\t\t<div class=\"elementor-element elementor-element-7eb891a elementor-widget elementor-widget-image\" data-id=\"7eb891a\" data-element_type=\"widget\" data-e-type=\"widget\" data-widget_type=\"image.default\">\n\t\t\t\t<div class=\"elementor-widget-container\">\n\t\t\t\t\t\t\t\t\t\t\t\t\t\t\t<img decoding=\"async\" width=\"791\" height=\"1024\" src=\"https:\/\/pourvoiriequebecnature.com\/wp-content\/uploads\/2024\/03\/1710381610291-8df755d9-abe9-4cbd-b9a6-016e321eec9f_2.jpg\" class=\"attachment-large size-large wp-image-6242\" alt=\"Pourvoirie Qu\u00e9bec Nature - Secteur Chasse Barrage 2\" srcset=\"https:\/\/pourvoiriequebecnature.com\/wp-content\/uploads\/2024\/03\/1710381610291-8df755d9-abe9-4cbd-b9a6-016e321eec9f_2.jpg 791w, https:\/\/pourvoiriequebecnature.com\/wp-content\/uploads\/2024\/03\/1710381610291-8df755d9-abe9-4cbd-b9a6-016e321eec9f_2-232x300.jpg 232w, https:\/\/pourvoiriequebecnature.com\/wp-content\/uploads\/2024\/03\/1710381610291-8df755d9-abe9-4cbd-b9a6-016e321eec9f_2-768x994.jpg 768w, https:\/\/pourvoiriequebecnature.com\/wp-content\/uploads\/2024\/03\/1710381610291-8df755d9-abe9-4cbd-b9a6-016e321eec9f_2-9x12.jpg 9w, https:\/\/pourvoiriequebecnature.com\/wp-content\/uploads\/2024\/03\/1710381610291-8df755d9-abe9-4cbd-b9a6-016e321eec9f_2-600x777.jpg 600w, https:\/\/pourvoiriequebecnature.com\/wp-content\/uploads\/2024\/03\/1710381610291-8df755d9-abe9-4cbd-b9a6-016e321eec9f_2-750x971.jpg 750w\" sizes=\"(max-width: 791px) 100vw, 791px\" \/>\t\t\t\t\t\t\t\t\t\t\t\t\t\t\t<\/div>\n\t\t\t\t<\/div>\n\t\t\t\t\t<\/div>\n\t\t<\/div>\n\t\t\t\t\t<\/div>\n\t\t<\/section>\n\t\t\t\t<section class=\"elementor-section elementor-top-section elementor-element elementor-element-3bc3d9f elementor-section-boxed elementor-section-height-default elementor-section-height-default\" data-id=\"3bc3d9f\" data-element_type=\"section\" data-e-type=\"section\">\n\t\t\t\t\t\t<div class=\"elementor-container elementor-column-gap-default\">\n\t\t\t\t\t<div class=\"elementor-column elementor-col-100 elementor-top-column elementor-element elementor-element-abdecde\" data-id=\"abdecde\" data-element_type=\"column\" data-e-type=\"column\">\n\t\t\t<div class=\"elementor-widget-wrap elementor-element-populated\">\n\t\t\t\t\t\t<div class=\"elementor-element elementor-element-f6d5f28 elementor-widget elementor-widget-menu-anchor\" data-id=\"f6d5f28\" data-element_type=\"widget\" data-e-type=\"widget\" data-widget_type=\"menu-anchor.default\">\n\t\t\t\t<div class=\"elementor-widget-container\">\n\t\t\t\t\t\t\t<div class=\"elementor-menu-anchor\" id=\"carte-chasse-dauphin-3\"><\/div>\n\t\t\t\t\t\t<\/div>\n\t\t\t\t<\/div>\n\t\t\t\t\t<\/div>\n\t\t<\/div>\n\t\t\t\t\t<\/div>\n\t\t<\/section>\n\t\t\t\t<section class=\"elementor-section elementor-top-section elementor-element elementor-element-3ff06ae elementor-section-boxed elementor-section-height-default elementor-section-height-default\" data-id=\"3ff06ae\" data-element_type=\"section\" data-e-type=\"section\">\n\t\t\t\t\t\t<div class=\"elementor-container elementor-column-gap-default\">\n\t\t\t\t\t<div class=\"elementor-column elementor-col-100 elementor-top-column elementor-element elementor-element-3d7c73e\" data-id=\"3d7c73e\" data-element_type=\"column\" data-e-type=\"column\">\n\t\t\t<div class=\"elementor-widget-wrap elementor-element-populated\">\n\t\t\t\t\t\t<div class=\"elementor-element elementor-element-09e71d9 elementor-widget elementor-widget-image\" data-id=\"09e71d9\" data-element_type=\"widget\" data-e-type=\"widget\" data-widget_type=\"image.default\">\n\t\t\t\t<div class=\"elementor-widget-container\">\n\t\t\t\t\t\t\t\t\t\t\t\t\t\t\t<img decoding=\"async\" width=\"791\" height=\"1024\" src=\"https:\/\/pourvoiriequebecnature.com\/wp-content\/uploads\/2024\/03\/1710381610291-8df755d9-abe9-4cbd-b9a6-016e321eec9f_3.jpg\" class=\"attachment-large size-large wp-image-6244\" alt=\"Pourvoirie Qu\u00e9bec Nature - Secteur Chasse Dauphin 3\" srcset=\"https:\/\/pourvoiriequebecnature.com\/wp-content\/uploads\/2024\/03\/1710381610291-8df755d9-abe9-4cbd-b9a6-016e321eec9f_3.jpg 791w, https:\/\/pourvoiriequebecnature.com\/wp-content\/uploads\/2024\/03\/1710381610291-8df755d9-abe9-4cbd-b9a6-016e321eec9f_3-232x300.jpg 232w, https:\/\/pourvoiriequebecnature.com\/wp-content\/uploads\/2024\/03\/1710381610291-8df755d9-abe9-4cbd-b9a6-016e321eec9f_3-768x994.jpg 768w, https:\/\/pourvoiriequebecnature.com\/wp-content\/uploads\/2024\/03\/1710381610291-8df755d9-abe9-4cbd-b9a6-016e321eec9f_3-9x12.jpg 9w, https:\/\/pourvoiriequebecnature.com\/wp-content\/uploads\/2024\/03\/1710381610291-8df755d9-abe9-4cbd-b9a6-016e321eec9f_3-600x777.jpg 600w, https:\/\/pourvoiriequebecnature.com\/wp-content\/uploads\/2024\/03\/1710381610291-8df755d9-abe9-4cbd-b9a6-016e321eec9f_3-750x971.jpg 750w\" sizes=\"(max-width: 791px) 100vw, 791px\" \/>\t\t\t\t\t\t\t\t\t\t\t\t\t\t\t<\/div>\n\t\t\t\t<\/div>\n\t\t\t\t\t<\/div>\n\t\t<\/div>\n\t\t\t\t\t<\/div>\n\t\t<\/section>\n\t\t\t\t<section class=\"elementor-section elementor-top-section elementor-element elementor-element-9794832 elementor-section-boxed elementor-section-height-default elementor-section-height-default\" data-id=\"9794832\" data-element_type=\"section\" data-e-type=\"section\">\n\t\t\t\t\t\t<div class=\"elementor-container elementor-column-gap-default\">\n\t\t\t\t\t<div class=\"elementor-column elementor-col-100 elementor-top-column elementor-element elementor-element-e4b4e52\" data-id=\"e4b4e52\" data-element_type=\"column\" data-e-type=\"column\">\n\t\t\t<div class=\"elementor-widget-wrap elementor-element-populated\">\n\t\t\t\t\t\t<div class=\"elementor-element elementor-element-73393c0 elementor-widget elementor-widget-menu-anchor\" data-id=\"73393c0\" data-element_type=\"widget\" data-e-type=\"widget\" data-widget_type=\"menu-anchor.default\">\n\t\t\t\t<div class=\"elementor-widget-container\">\n\t\t\t\t\t\t\t<div class=\"elementor-menu-anchor\" id=\"carte-chasse-bacon-4\"><\/div>\n\t\t\t\t\t\t<\/div>\n\t\t\t\t<\/div>\n\t\t\t\t\t<\/div>\n\t\t<\/div>\n\t\t\t\t\t<\/div>\n\t\t<\/section>\n\t\t\t\t<section class=\"elementor-section elementor-top-section elementor-element elementor-element-7a78374 elementor-section-boxed elementor-section-height-default elementor-section-height-default\" data-id=\"7a78374\" data-element_type=\"section\" data-e-type=\"section\">\n\t\t\t\t\t\t<div class=\"elementor-container elementor-column-gap-default\">\n\t\t\t\t\t<div class=\"elementor-column elementor-col-100 elementor-top-column elementor-element elementor-element-9ed5db2\" data-id=\"9ed5db2\" data-element_type=\"column\" data-e-type=\"column\">\n\t\t\t<div class=\"elementor-widget-wrap elementor-element-populated\">\n\t\t\t\t\t\t<div class=\"elementor-element elementor-element-5f7c1ac elementor-widget elementor-widget-image\" data-id=\"5f7c1ac\" data-element_type=\"widget\" data-e-type=\"widget\" data-widget_type=\"image.default\">\n\t\t\t\t<div class=\"elementor-widget-container\">\n\t\t\t\t\t\t\t\t\t\t\t\t\t\t\t<img loading=\"lazy\" decoding=\"async\" width=\"791\" height=\"1024\" src=\"https:\/\/pourvoiriequebecnature.com\/wp-content\/uploads\/2024\/03\/1710381610291-8df755d9-abe9-4cbd-b9a6-016e321eec9f_4.jpg\" class=\"attachment-large size-large wp-image-6243\" alt=\"Pourvoirie Qu\u00e9bec Nature - Secteur Chasse Bacon 4\" srcset=\"https:\/\/pourvoiriequebecnature.com\/wp-content\/uploads\/2024\/03\/1710381610291-8df755d9-abe9-4cbd-b9a6-016e321eec9f_4.jpg 791w, https:\/\/pourvoiriequebecnature.com\/wp-content\/uploads\/2024\/03\/1710381610291-8df755d9-abe9-4cbd-b9a6-016e321eec9f_4-232x300.jpg 232w, https:\/\/pourvoiriequebecnature.com\/wp-content\/uploads\/2024\/03\/1710381610291-8df755d9-abe9-4cbd-b9a6-016e321eec9f_4-768x994.jpg 768w, https:\/\/pourvoiriequebecnature.com\/wp-content\/uploads\/2024\/03\/1710381610291-8df755d9-abe9-4cbd-b9a6-016e321eec9f_4-9x12.jpg 9w, https:\/\/pourvoiriequebecnature.com\/wp-content\/uploads\/2024\/03\/1710381610291-8df755d9-abe9-4cbd-b9a6-016e321eec9f_4-600x777.jpg 600w, https:\/\/pourvoiriequebecnature.com\/wp-content\/uploads\/2024\/03\/1710381610291-8df755d9-abe9-4cbd-b9a6-016e321eec9f_4-750x971.jpg 750w\" sizes=\"(max-width: 791px) 100vw, 791px\" \/>\t\t\t\t\t\t\t\t\t\t\t\t\t\t\t<\/div>\n\t\t\t\t<\/div>\n\t\t\t\t\t<\/div>\n\t\t<\/div>\n\t\t\t\t\t<\/div>\n\t\t<\/section>\n\t\t\t\t<\/div>","protected":false},"excerpt":{"rendered":"","protected":false},"author":1,"featured_media":0,"parent":0,"menu_order":0,"comment_status":"closed","ping_status":"closed","template":"elementor_header_footer","meta":{"_acf_changed":false,"footnotes":""},"class_list":["post-4489","page","type-page","status-publish","hentry"],"acf":[],"yoast_head":"<!-- This site is optimized with the Yoast SEO Premium plugin v25.5 (Yoast SEO v27.3) - https:\/\/yoast.com\/product\/yoast-seo-premium-wordpress\/ -->\n<title>Carte du territoires de chasse - Pourvoirie Qu\u00e9bec Nature<\/title>\n<meta name=\"description\" content=\"Visualisez la Carte des territoires de chasse de la Pourvoirie Qu\u00e9bec Nature ainsi que les diff\u00e9rents rep\u00e8res de notre territoire exclusif.\" \/>\n<meta name=\"robots\" content=\"index, follow, max-snippet:-1, max-image-preview:large, max-video-preview:-1\" \/>\n<link rel=\"canonical\" href=\"https:\/\/pourvoiriequebecnature.com\/en\/carte-territoires-chasse\/\" \/>\n<meta property=\"og:locale\" content=\"en_US\" \/>\n<meta property=\"og:type\" content=\"article\" \/>\n<meta property=\"og:title\" content=\"Carte du territoires de chasse\" \/>\n<meta property=\"og:description\" content=\"Visualisez la Carte des territoires de chasse de la Pourvoirie Qu\u00e9bec Nature ainsi que les diff\u00e9rents rep\u00e8res de notre territoire exclusif.\" \/>\n<meta property=\"og:url\" content=\"https:\/\/pourvoiriequebecnature.com\/en\/carte-territoires-chasse\/\" \/>\n<meta property=\"og:site_name\" content=\"Pourvoirie Qu\u00e9bec Nature\" \/>\n<meta property=\"article:publisher\" content=\"https:\/\/www.facebook.com\/PourvoirieQuebecNature\" \/>\n<meta property=\"article:modified_time\" content=\"2024-03-22T18:38:55+00:00\" \/>\n<meta property=\"og:image\" content=\"http:\/\/pourvoiriequebecnature.com\/wp-content\/uploads\/2024\/03\/1710381610291-8df755d9-abe9-4cbd-b9a6-016e321eec9f_1.jpg\" \/>\n<meta name=\"twitter:card\" content=\"summary_large_image\" \/>\n<meta name=\"twitter:label1\" content=\"Est. reading time\" \/>\n\t<meta name=\"twitter:data1\" content=\"1 minute\" \/>\n<script type=\"application\/ld+json\" class=\"yoast-schema-graph\">{\"@context\":\"https:\\\/\\\/schema.org\",\"@graph\":[{\"@type\":\"WebPage\",\"@id\":\"https:\\\/\\\/pourvoiriequebecnature.com\\\/carte-territoires-chasse\\\/\",\"url\":\"https:\\\/\\\/pourvoiriequebecnature.com\\\/carte-territoires-chasse\\\/\",\"name\":\"Carte du territoires de chasse - Pourvoirie Qu\u00e9bec Nature\",\"isPartOf\":{\"@id\":\"https:\\\/\\\/pourvoiriequebecnature.com\\\/#website\"},\"primaryImageOfPage\":{\"@id\":\"https:\\\/\\\/pourvoiriequebecnature.com\\\/carte-territoires-chasse\\\/#primaryimage\"},\"image\":{\"@id\":\"https:\\\/\\\/pourvoiriequebecnature.com\\\/carte-territoires-chasse\\\/#primaryimage\"},\"thumbnailUrl\":\"http:\\\/\\\/pourvoiriequebecnature.com\\\/wp-content\\\/uploads\\\/2024\\\/03\\\/1710381610291-8df755d9-abe9-4cbd-b9a6-016e321eec9f_1.jpg\",\"datePublished\":\"2024-02-21T23:36:32+00:00\",\"dateModified\":\"2024-03-22T18:38:55+00:00\",\"description\":\"Visualisez la Carte des territoires de chasse de la Pourvoirie Qu\u00e9bec Nature ainsi que les diff\u00e9rents rep\u00e8res de notre territoire exclusif.\",\"breadcrumb\":{\"@id\":\"https:\\\/\\\/pourvoiriequebecnature.com\\\/carte-territoires-chasse\\\/#breadcrumb\"},\"inLanguage\":\"en-CA\",\"potentialAction\":[{\"@type\":\"ReadAction\",\"target\":[\"https:\\\/\\\/pourvoiriequebecnature.com\\\/carte-territoires-chasse\\\/\"]}]},{\"@type\":\"ImageObject\",\"inLanguage\":\"en-CA\",\"@id\":\"https:\\\/\\\/pourvoiriequebecnature.com\\\/carte-territoires-chasse\\\/#primaryimage\",\"url\":\"http:\\\/\\\/pourvoiriequebecnature.com\\\/wp-content\\\/uploads\\\/2024\\\/03\\\/1710381610291-8df755d9-abe9-4cbd-b9a6-016e321eec9f_1.jpg\",\"contentUrl\":\"http:\\\/\\\/pourvoiriequebecnature.com\\\/wp-content\\\/uploads\\\/2024\\\/03\\\/1710381610291-8df755d9-abe9-4cbd-b9a6-016e321eec9f_1.jpg\"},{\"@type\":\"BreadcrumbList\",\"@id\":\"https:\\\/\\\/pourvoiriequebecnature.com\\\/carte-territoires-chasse\\\/#breadcrumb\",\"itemListElement\":[{\"@type\":\"ListItem\",\"position\":1,\"name\":\"Home\",\"item\":\"https:\\\/\\\/pourvoiriequebecnature.com\\\/\"},{\"@type\":\"ListItem\",\"position\":2,\"name\":\"Carte du territoires de chasse\"}]},{\"@type\":\"WebSite\",\"@id\":\"https:\\\/\\\/pourvoiriequebecnature.com\\\/#website\",\"url\":\"https:\\\/\\\/pourvoiriequebecnature.com\\\/\",\"name\":\"Pourvoirie Qu\u00e9bec Nature\",\"description\":\"\",\"publisher\":{\"@id\":\"https:\\\/\\\/pourvoiriequebecnature.com\\\/#organization\"},\"potentialAction\":[{\"@type\":\"SearchAction\",\"target\":{\"@type\":\"EntryPoint\",\"urlTemplate\":\"https:\\\/\\\/pourvoiriequebecnature.com\\\/?s={search_term_string}\"},\"query-input\":{\"@type\":\"PropertyValueSpecification\",\"valueRequired\":true,\"valueName\":\"search_term_string\"}}],\"inLanguage\":\"en-CA\"},{\"@type\":\"Organization\",\"@id\":\"https:\\\/\\\/pourvoiriequebecnature.com\\\/#organization\",\"name\":\"Pourvoirie Qu\u00e9bec Nature\",\"url\":\"https:\\\/\\\/pourvoiriequebecnature.com\\\/\",\"logo\":{\"@type\":\"ImageObject\",\"inLanguage\":\"en-CA\",\"@id\":\"https:\\\/\\\/pourvoiriequebecnature.com\\\/#\\\/schema\\\/logo\\\/image\\\/\",\"url\":\"https:\\\/\\\/pourvoiriequebecnature.com\\\/wp-content\\\/uploads\\\/2023\\\/03\\\/PourvoirieQuebecNature_LogoPhoto.png\",\"contentUrl\":\"https:\\\/\\\/pourvoiriequebecnature.com\\\/wp-content\\\/uploads\\\/2023\\\/03\\\/PourvoirieQuebecNature_LogoPhoto.png\",\"width\":1800,\"height\":1800,\"caption\":\"Pourvoirie Qu\u00e9bec Nature\"},\"image\":{\"@id\":\"https:\\\/\\\/pourvoiriequebecnature.com\\\/#\\\/schema\\\/logo\\\/image\\\/\"},\"sameAs\":[\"https:\\\/\\\/www.facebook.com\\\/PourvoirieQuebecNature\"],\"description\":\"Vivez l'exp\u00e9rience ultime au paradis de truites mouchet\u00e9es indig\u00e8nes en plein c\u0153ur des monts Valin, que ce soit en auberge ou dans un magnifique chalet en bois rond.\",\"email\":\"quebecnature@outlook.com\",\"telephone\":\"(418) 573-4112\"}]}<\/script>\n<!-- \/ Yoast SEO Premium plugin. -->","yoast_head_json":{"title":"Carte du territoires de chasse - Pourvoirie Qu\u00e9bec Nature","description":"Visualisez la Carte des territoires de chasse de la Pourvoirie Qu\u00e9bec Nature ainsi que les diff\u00e9rents rep\u00e8res de notre territoire exclusif.","robots":{"index":"index","follow":"follow","max-snippet":"max-snippet:-1","max-image-preview":"max-image-preview:large","max-video-preview":"max-video-preview:-1"},"canonical":"https:\/\/pourvoiriequebecnature.com\/en\/carte-territoires-chasse\/","og_locale":"en_US","og_type":"article","og_title":"Carte du territoires de chasse","og_description":"Visualisez la Carte des territoires de chasse de la Pourvoirie Qu\u00e9bec Nature ainsi que les diff\u00e9rents rep\u00e8res de notre territoire exclusif.","og_url":"https:\/\/pourvoiriequebecnature.com\/en\/carte-territoires-chasse\/","og_site_name":"Pourvoirie Qu\u00e9bec Nature","article_publisher":"https:\/\/www.facebook.com\/PourvoirieQuebecNature","article_modified_time":"2024-03-22T18:38:55+00:00","og_image":[{"url":"http:\/\/pourvoiriequebecnature.com\/wp-content\/uploads\/2024\/03\/1710381610291-8df755d9-abe9-4cbd-b9a6-016e321eec9f_1.jpg","type":"","width":"","height":""}],"twitter_card":"summary_large_image","twitter_misc":{"Est. reading time":"1 minute"},"schema":{"@context":"https:\/\/schema.org","@graph":[{"@type":"WebPage","@id":"https:\/\/pourvoiriequebecnature.com\/carte-territoires-chasse\/","url":"https:\/\/pourvoiriequebecnature.com\/carte-territoires-chasse\/","name":"Carte du territoires de chasse - Pourvoirie Qu\u00e9bec Nature","isPartOf":{"@id":"https:\/\/pourvoiriequebecnature.com\/#website"},"primaryImageOfPage":{"@id":"https:\/\/pourvoiriequebecnature.com\/carte-territoires-chasse\/#primaryimage"},"image":{"@id":"https:\/\/pourvoiriequebecnature.com\/carte-territoires-chasse\/#primaryimage"},"thumbnailUrl":"http:\/\/pourvoiriequebecnature.com\/wp-content\/uploads\/2024\/03\/1710381610291-8df755d9-abe9-4cbd-b9a6-016e321eec9f_1.jpg","datePublished":"2024-02-21T23:36:32+00:00","dateModified":"2024-03-22T18:38:55+00:00","description":"Visualisez la Carte des territoires de chasse de la Pourvoirie Qu\u00e9bec Nature ainsi que les diff\u00e9rents rep\u00e8res de notre territoire exclusif.","breadcrumb":{"@id":"https:\/\/pourvoiriequebecnature.com\/carte-territoires-chasse\/#breadcrumb"},"inLanguage":"en-CA","potentialAction":[{"@type":"ReadAction","target":["https:\/\/pourvoiriequebecnature.com\/carte-territoires-chasse\/"]}]},{"@type":"ImageObject","inLanguage":"en-CA","@id":"https:\/\/pourvoiriequebecnature.com\/carte-territoires-chasse\/#primaryimage","url":"http:\/\/pourvoiriequebecnature.com\/wp-content\/uploads\/2024\/03\/1710381610291-8df755d9-abe9-4cbd-b9a6-016e321eec9f_1.jpg","contentUrl":"http:\/\/pourvoiriequebecnature.com\/wp-content\/uploads\/2024\/03\/1710381610291-8df755d9-abe9-4cbd-b9a6-016e321eec9f_1.jpg"},{"@type":"BreadcrumbList","@id":"https:\/\/pourvoiriequebecnature.com\/carte-territoires-chasse\/#breadcrumb","itemListElement":[{"@type":"ListItem","position":1,"name":"Home","item":"https:\/\/pourvoiriequebecnature.com\/"},{"@type":"ListItem","position":2,"name":"Carte du territoires de chasse"}]},{"@type":"WebSite","@id":"https:\/\/pourvoiriequebecnature.com\/#website","url":"https:\/\/pourvoiriequebecnature.com\/","name":"Quebec Nature Outfitter","description":"","publisher":{"@id":"https:\/\/pourvoiriequebecnature.com\/#organization"},"potentialAction":[{"@type":"SearchAction","target":{"@type":"EntryPoint","urlTemplate":"https:\/\/pourvoiriequebecnature.com\/?s={search_term_string}"},"query-input":{"@type":"PropertyValueSpecification","valueRequired":true,"valueName":"search_term_string"}}],"inLanguage":"en-CA"},{"@type":"Organization","@id":"https:\/\/pourvoiriequebecnature.com\/#organization","name":"Quebec Nature Outfitter","url":"https:\/\/pourvoiriequebecnature.com\/","logo":{"@type":"ImageObject","inLanguage":"en-CA","@id":"https:\/\/pourvoiriequebecnature.com\/#\/schema\/logo\/image\/","url":"https:\/\/pourvoiriequebecnature.com\/wp-content\/uploads\/2023\/03\/PourvoirieQuebecNature_LogoPhoto.png","contentUrl":"https:\/\/pourvoiriequebecnature.com\/wp-content\/uploads\/2023\/03\/PourvoirieQuebecNature_LogoPhoto.png","width":1800,"height":1800,"caption":"Pourvoirie Qu\u00e9bec Nature"},"image":{"@id":"https:\/\/pourvoiriequebecnature.com\/#\/schema\/logo\/image\/"},"sameAs":["https:\/\/www.facebook.com\/PourvoirieQuebecNature"],"description":"Experience the ultimate native brook trout paradise in the heart of the Valin Mountains, whether in a lodge or a magnificent log cabin.","email":"quebecnature@outlook.com","telephone":"(418) 573-4112"}]}},"_links":{"self":[{"href":"https:\/\/pourvoiriequebecnature.com\/en\/wp-json\/wp\/v2\/pages\/4489","targetHints":{"allow":["GET"]}}],"collection":[{"href":"https:\/\/pourvoiriequebecnature.com\/en\/wp-json\/wp\/v2\/pages"}],"about":[{"href":"https:\/\/pourvoiriequebecnature.com\/en\/wp-json\/wp\/v2\/types\/page"}],"author":[{"embeddable":true,"href":"https:\/\/pourvoiriequebecnature.com\/en\/wp-json\/wp\/v2\/users\/1"}],"replies":[{"embeddable":true,"href":"https:\/\/pourvoiriequebecnature.com\/en\/wp-json\/wp\/v2\/comments?post=4489"}],"version-history":[{"count":0,"href":"https:\/\/pourvoiriequebecnature.com\/en\/wp-json\/wp\/v2\/pages\/4489\/revisions"}],"wp:attachment":[{"href":"https:\/\/pourvoiriequebecnature.com\/en\/wp-json\/wp\/v2\/media?parent=4489"}],"curies":[{"name":"wp","href":"https:\/\/api.w.org\/{rel}","templated":true}]}}