{"id":6544,"date":"2024-03-14T13:37:10","date_gmt":"2024-03-14T13:37:10","guid":{"rendered":"http:\/\/pourvoiriequebecnature.com\/?page_id=6544"},"modified":"2024-03-14T13:42:05","modified_gmt":"2024-03-14T13:42:05","slug":"carte-du-territoire","status":"publish","type":"page","link":"https:\/\/pourvoiriequebecnature.com\/en\/carte-du-territoire\/","title":{"rendered":"Territory map"},"content":{"rendered":"<div data-elementor-type=\"wp-page\" data-elementor-id=\"6544\" class=\"elementor elementor-6544\" data-elementor-post-type=\"page\">\n\t\t\t\t\t\t<section class=\"elementor-section elementor-top-section elementor-element elementor-element-2a4d560 elementor-section-boxed elementor-section-height-default elementor-section-height-default\" data-id=\"2a4d560\" data-element_type=\"section\" data-e-type=\"section\">\n\t\t\t\t\t\t<div class=\"elementor-container elementor-column-gap-default\">\n\t\t\t\t\t<div class=\"elementor-column elementor-col-100 elementor-top-column elementor-element elementor-element-f221a54\" data-id=\"f221a54\" data-element_type=\"column\" data-e-type=\"column\">\n\t\t\t<div class=\"elementor-widget-wrap elementor-element-populated\">\n\t\t\t\t\t\t<div class=\"elementor-element elementor-element-b290b2d elementor-widget elementor-widget-menu-anchor\" data-id=\"b290b2d\" data-element_type=\"widget\" data-e-type=\"widget\" data-widget_type=\"menu-anchor.default\">\n\t\t\t\t<div class=\"elementor-widget-container\">\n\t\t\t\t\t\t\t<div class=\"elementor-menu-anchor\" id=\"carte-chasse-nord-1\"><\/div>\n\t\t\t\t\t\t<\/div>\n\t\t\t\t<\/div>\n\t\t\t\t\t<\/div>\n\t\t<\/div>\n\t\t\t\t\t<\/div>\n\t\t<\/section>\n\t\t\t\t<section class=\"elementor-section elementor-top-section elementor-element elementor-element-aaada91 elementor-section-boxed elementor-section-height-default elementor-section-height-default\" data-id=\"aaada91\" data-element_type=\"section\" data-e-type=\"section\">\n\t\t\t\t\t\t<div class=\"elementor-container elementor-column-gap-default\">\n\t\t\t\t\t<div class=\"elementor-column elementor-col-100 elementor-top-column elementor-element elementor-element-c472512\" data-id=\"c472512\" data-element_type=\"column\" data-e-type=\"column\">\n\t\t\t<div class=\"elementor-widget-wrap elementor-element-populated\">\n\t\t\t\t\t\t<div class=\"elementor-element elementor-element-1db1f1f elementor-widget elementor-widget-image\" data-id=\"1db1f1f\" data-element_type=\"widget\" data-e-type=\"widget\" data-widget_type=\"image.default\">\n\t\t\t\t<div class=\"elementor-widget-container\">\n\t\t\t\t\t\t\t\t\t\t\t\t\t\t\t<img fetchpriority=\"high\" decoding=\"async\" width=\"800\" height=\"855\" src=\"https:\/\/pourvoiriequebecnature.com\/wp-content\/uploads\/2024\/03\/1710257002816-587674e1-20c7-4c41-a503-6b83ceea1b8f_1.jpg\" class=\"attachment-large size-large wp-image-6546\" alt=\"Pourvoirie Qu\u00e9bec nature - carte du territoire de peche\" srcset=\"https:\/\/pourvoiriequebecnature.com\/wp-content\/uploads\/2024\/03\/1710257002816-587674e1-20c7-4c41-a503-6b83ceea1b8f_1.jpg 958w, https:\/\/pourvoiriequebecnature.com\/wp-content\/uploads\/2024\/03\/1710257002816-587674e1-20c7-4c41-a503-6b83ceea1b8f_1-281x300.jpg 281w, https:\/\/pourvoiriequebecnature.com\/wp-content\/uploads\/2024\/03\/1710257002816-587674e1-20c7-4c41-a503-6b83ceea1b8f_1-768x821.jpg 768w, https:\/\/pourvoiriequebecnature.com\/wp-content\/uploads\/2024\/03\/1710257002816-587674e1-20c7-4c41-a503-6b83ceea1b8f_1-11x12.jpg 11w, https:\/\/pourvoiriequebecnature.com\/wp-content\/uploads\/2024\/03\/1710257002816-587674e1-20c7-4c41-a503-6b83ceea1b8f_1-600x641.jpg 600w, https:\/\/pourvoiriequebecnature.com\/wp-content\/uploads\/2024\/03\/1710257002816-587674e1-20c7-4c41-a503-6b83ceea1b8f_1-750x802.jpg 750w\" sizes=\"(max-width: 800px) 100vw, 800px\" \/>\t\t\t\t\t\t\t\t\t\t\t\t\t\t\t<\/div>\n\t\t\t\t<\/div>\n\t\t\t\t\t<\/div>\n\t\t<\/div>\n\t\t\t\t\t<\/div>\n\t\t<\/section>\n\t\t\t\t<section class=\"elementor-section elementor-top-section elementor-element elementor-element-9794832 elementor-section-boxed elementor-section-height-default elementor-section-height-default\" data-id=\"9794832\" data-element_type=\"section\" data-e-type=\"section\">\n\t\t\t\t\t\t<div class=\"elementor-container elementor-column-gap-default\">\n\t\t\t\t\t<div class=\"elementor-column elementor-col-100 elementor-top-column elementor-element elementor-element-e4b4e52\" data-id=\"e4b4e52\" data-element_type=\"column\" data-e-type=\"column\">\n\t\t\t<div class=\"elementor-widget-wrap elementor-element-populated\">\n\t\t\t\t\t\t<div class=\"elementor-element elementor-element-73393c0 elementor-widget elementor-widget-menu-anchor\" data-id=\"73393c0\" data-element_type=\"widget\" data-e-type=\"widget\" data-widget_type=\"menu-anchor.default\">\n\t\t\t\t<div class=\"elementor-widget-container\">\n\t\t\t\t\t\t\t<div class=\"elementor-menu-anchor\" id=\"carte-chasse-bacon-4\"><\/div>\n\t\t\t\t\t\t<\/div>\n\t\t\t\t<\/div>\n\t\t\t\t\t<\/div>\n\t\t<\/div>\n\t\t\t\t\t<\/div>\n\t\t<\/section>\n\t\t\t\t<section class=\"elementor-section elementor-top-section elementor-element elementor-element-7a78374 elementor-section-boxed elementor-section-height-default elementor-section-height-default\" data-id=\"7a78374\" data-element_type=\"section\" data-e-type=\"section\">\n\t\t\t\t\t\t<div class=\"elementor-container elementor-column-gap-default\">\n\t\t\t\t\t<div class=\"elementor-column elementor-col-100 elementor-top-column elementor-element elementor-element-9ed5db2\" data-id=\"9ed5db2\" data-element_type=\"column\" data-e-type=\"column\">\n\t\t\t<div class=\"elementor-widget-wrap elementor-element-populated\">\n\t\t\t\t\t\t<div class=\"elementor-element elementor-element-5f7c1ac elementor-widget elementor-widget-image\" data-id=\"5f7c1ac\" data-element_type=\"widget\" data-e-type=\"widget\" data-widget_type=\"image.default\">\n\t\t\t\t<div class=\"elementor-widget-container\">\n\t\t\t\t\t\t\t\t\t\t\t\t\t\t\t<img decoding=\"async\" width=\"560\" height=\"767\" src=\"https:\/\/pourvoiriequebecnature.com\/wp-content\/uploads\/2024\/03\/Pourvoirie-Quebec-Nature-Capture-carte-du-site.jpg\" class=\"attachment-large size-large wp-image-6547\" alt=\"\" srcset=\"https:\/\/pourvoiriequebecnature.com\/wp-content\/uploads\/2024\/03\/Pourvoirie-Quebec-Nature-Capture-carte-du-site.jpg 560w, https:\/\/pourvoiriequebecnature.com\/wp-content\/uploads\/2024\/03\/Pourvoirie-Quebec-Nature-Capture-carte-du-site-219x300.jpg 219w, https:\/\/pourvoiriequebecnature.com\/wp-content\/uploads\/2024\/03\/Pourvoirie-Quebec-Nature-Capture-carte-du-site-9x12.jpg 9w\" sizes=\"(max-width: 560px) 100vw, 560px\" \/>\t\t\t\t\t\t\t\t\t\t\t\t\t\t\t<\/div>\n\t\t\t\t<\/div>\n\t\t\t\t\t<\/div>\n\t\t<\/div>\n\t\t\t\t\t<\/div>\n\t\t<\/section>\n\t\t\t\t<\/div>","protected":false},"excerpt":{"rendered":"","protected":false},"author":1,"featured_media":0,"parent":0,"menu_order":0,"comment_status":"closed","ping_status":"closed","template":"elementor_header_footer","meta":{"_acf_changed":false,"footnotes":""},"class_list":["post-6544","page","type-page","status-publish","hentry"],"acf":[],"yoast_head":"<!-- This site is optimized with the Yoast SEO Premium plugin v25.5 (Yoast SEO v27.5) - https:\/\/yoast.com\/product\/yoast-seo-premium-wordpress\/ -->\n<title>Carte du territoire - Pourvoirie Qu\u00e9bec Nature<\/title>\n<meta name=\"robots\" content=\"index, follow, max-snippet:-1, max-image-preview:large, max-video-preview:-1\" \/>\n<link rel=\"canonical\" href=\"https:\/\/pourvoiriequebecnature.com\/en\/carte-du-territoire\/\" \/>\n<meta property=\"og:locale\" content=\"en_US\" \/>\n<meta property=\"og:type\" content=\"article\" \/>\n<meta property=\"og:title\" content=\"Carte du territoire\" \/>\n<meta property=\"og:url\" content=\"https:\/\/pourvoiriequebecnature.com\/en\/carte-du-territoire\/\" \/>\n<meta property=\"og:site_name\" content=\"Pourvoirie Qu\u00e9bec Nature\" \/>\n<meta property=\"article:publisher\" content=\"https:\/\/www.facebook.com\/PourvoirieQuebecNature\" \/>\n<meta property=\"article:modified_time\" content=\"2024-03-14T13:42:05+00:00\" \/>\n<meta property=\"og:image\" content=\"http:\/\/pourvoiriequebecnature.com\/wp-content\/uploads\/2024\/03\/1710257002816-587674e1-20c7-4c41-a503-6b83ceea1b8f_1.jpg\" \/>\n<meta name=\"twitter:card\" content=\"summary_large_image\" \/>\n<script type=\"application\/ld+json\" class=\"yoast-schema-graph\">{\"@context\":\"https:\\\/\\\/schema.org\",\"@graph\":[{\"@type\":\"WebPage\",\"@id\":\"https:\\\/\\\/pourvoiriequebecnature.com\\\/carte-du-territoire\\\/\",\"url\":\"https:\\\/\\\/pourvoiriequebecnature.com\\\/carte-du-territoire\\\/\",\"name\":\"Carte du territoire - Pourvoirie Qu\u00e9bec Nature\",\"isPartOf\":{\"@id\":\"https:\\\/\\\/pourvoiriequebecnature.com\\\/#website\"},\"primaryImageOfPage\":{\"@id\":\"https:\\\/\\\/pourvoiriequebecnature.com\\\/carte-du-territoire\\\/#primaryimage\"},\"image\":{\"@id\":\"https:\\\/\\\/pourvoiriequebecnature.com\\\/carte-du-territoire\\\/#primaryimage\"},\"thumbnailUrl\":\"http:\\\/\\\/pourvoiriequebecnature.com\\\/wp-content\\\/uploads\\\/2024\\\/03\\\/1710257002816-587674e1-20c7-4c41-a503-6b83ceea1b8f_1.jpg\",\"datePublished\":\"2024-03-14T13:37:10+00:00\",\"dateModified\":\"2024-03-14T13:42:05+00:00\",\"breadcrumb\":{\"@id\":\"https:\\\/\\\/pourvoiriequebecnature.com\\\/carte-du-territoire\\\/#breadcrumb\"},\"inLanguage\":\"en-CA\",\"potentialAction\":[{\"@type\":\"ReadAction\",\"target\":[\"https:\\\/\\\/pourvoiriequebecnature.com\\\/carte-du-territoire\\\/\"]}]},{\"@type\":\"ImageObject\",\"inLanguage\":\"en-CA\",\"@id\":\"https:\\\/\\\/pourvoiriequebecnature.com\\\/carte-du-territoire\\\/#primaryimage\",\"url\":\"http:\\\/\\\/pourvoiriequebecnature.com\\\/wp-content\\\/uploads\\\/2024\\\/03\\\/1710257002816-587674e1-20c7-4c41-a503-6b83ceea1b8f_1.jpg\",\"contentUrl\":\"http:\\\/\\\/pourvoiriequebecnature.com\\\/wp-content\\\/uploads\\\/2024\\\/03\\\/1710257002816-587674e1-20c7-4c41-a503-6b83ceea1b8f_1.jpg\"},{\"@type\":\"BreadcrumbList\",\"@id\":\"https:\\\/\\\/pourvoiriequebecnature.com\\\/carte-du-territoire\\\/#breadcrumb\",\"itemListElement\":[{\"@type\":\"ListItem\",\"position\":1,\"name\":\"Home\",\"item\":\"https:\\\/\\\/pourvoiriequebecnature.com\\\/\"},{\"@type\":\"ListItem\",\"position\":2,\"name\":\"Carte du territoire\"}]},{\"@type\":\"WebSite\",\"@id\":\"https:\\\/\\\/pourvoiriequebecnature.com\\\/#website\",\"url\":\"https:\\\/\\\/pourvoiriequebecnature.com\\\/\",\"name\":\"Pourvoirie Qu\u00e9bec Nature\",\"description\":\"\",\"publisher\":{\"@id\":\"https:\\\/\\\/pourvoiriequebecnature.com\\\/#organization\"},\"potentialAction\":[{\"@type\":\"SearchAction\",\"target\":{\"@type\":\"EntryPoint\",\"urlTemplate\":\"https:\\\/\\\/pourvoiriequebecnature.com\\\/?s={search_term_string}\"},\"query-input\":{\"@type\":\"PropertyValueSpecification\",\"valueRequired\":true,\"valueName\":\"search_term_string\"}}],\"inLanguage\":\"en-CA\"},{\"@type\":\"Organization\",\"@id\":\"https:\\\/\\\/pourvoiriequebecnature.com\\\/#organization\",\"name\":\"Pourvoirie Qu\u00e9bec Nature\",\"url\":\"https:\\\/\\\/pourvoiriequebecnature.com\\\/\",\"logo\":{\"@type\":\"ImageObject\",\"inLanguage\":\"en-CA\",\"@id\":\"https:\\\/\\\/pourvoiriequebecnature.com\\\/#\\\/schema\\\/logo\\\/image\\\/\",\"url\":\"https:\\\/\\\/pourvoiriequebecnature.com\\\/wp-content\\\/uploads\\\/2023\\\/03\\\/PourvoirieQuebecNature_LogoPhoto.png\",\"contentUrl\":\"https:\\\/\\\/pourvoiriequebecnature.com\\\/wp-content\\\/uploads\\\/2023\\\/03\\\/PourvoirieQuebecNature_LogoPhoto.png\",\"width\":1800,\"height\":1800,\"caption\":\"Pourvoirie Qu\u00e9bec Nature\"},\"image\":{\"@id\":\"https:\\\/\\\/pourvoiriequebecnature.com\\\/#\\\/schema\\\/logo\\\/image\\\/\"},\"sameAs\":[\"https:\\\/\\\/www.facebook.com\\\/PourvoirieQuebecNature\"],\"description\":\"Vivez l'exp\u00e9rience ultime au paradis de truites mouchet\u00e9es indig\u00e8nes en plein c\u0153ur des monts Valin, que ce soit en auberge ou dans un magnifique chalet en bois rond.\",\"email\":\"quebecnature@outlook.com\",\"telephone\":\"(418) 573-4112\"}]}<\/script>\n<!-- \/ Yoast SEO Premium plugin. -->","yoast_head_json":{"title":"Carte du territoire - Pourvoirie Qu\u00e9bec Nature","robots":{"index":"index","follow":"follow","max-snippet":"max-snippet:-1","max-image-preview":"max-image-preview:large","max-video-preview":"max-video-preview:-1"},"canonical":"https:\/\/pourvoiriequebecnature.com\/en\/carte-du-territoire\/","og_locale":"en_US","og_type":"article","og_title":"Carte du territoire","og_url":"https:\/\/pourvoiriequebecnature.com\/en\/carte-du-territoire\/","og_site_name":"Pourvoirie Qu\u00e9bec Nature","article_publisher":"https:\/\/www.facebook.com\/PourvoirieQuebecNature","article_modified_time":"2024-03-14T13:42:05+00:00","og_image":[{"url":"http:\/\/pourvoiriequebecnature.com\/wp-content\/uploads\/2024\/03\/1710257002816-587674e1-20c7-4c41-a503-6b83ceea1b8f_1.jpg","type":"","width":"","height":""}],"twitter_card":"summary_large_image","schema":{"@context":"https:\/\/schema.org","@graph":[{"@type":"WebPage","@id":"https:\/\/pourvoiriequebecnature.com\/carte-du-territoire\/","url":"https:\/\/pourvoiriequebecnature.com\/carte-du-territoire\/","name":"Carte du territoire - Pourvoirie Qu\u00e9bec Nature","isPartOf":{"@id":"https:\/\/pourvoiriequebecnature.com\/#website"},"primaryImageOfPage":{"@id":"https:\/\/pourvoiriequebecnature.com\/carte-du-territoire\/#primaryimage"},"image":{"@id":"https:\/\/pourvoiriequebecnature.com\/carte-du-territoire\/#primaryimage"},"thumbnailUrl":"http:\/\/pourvoiriequebecnature.com\/wp-content\/uploads\/2024\/03\/1710257002816-587674e1-20c7-4c41-a503-6b83ceea1b8f_1.jpg","datePublished":"2024-03-14T13:37:10+00:00","dateModified":"2024-03-14T13:42:05+00:00","breadcrumb":{"@id":"https:\/\/pourvoiriequebecnature.com\/carte-du-territoire\/#breadcrumb"},"inLanguage":"en-CA","potentialAction":[{"@type":"ReadAction","target":["https:\/\/pourvoiriequebecnature.com\/carte-du-territoire\/"]}]},{"@type":"ImageObject","inLanguage":"en-CA","@id":"https:\/\/pourvoiriequebecnature.com\/carte-du-territoire\/#primaryimage","url":"http:\/\/pourvoiriequebecnature.com\/wp-content\/uploads\/2024\/03\/1710257002816-587674e1-20c7-4c41-a503-6b83ceea1b8f_1.jpg","contentUrl":"http:\/\/pourvoiriequebecnature.com\/wp-content\/uploads\/2024\/03\/1710257002816-587674e1-20c7-4c41-a503-6b83ceea1b8f_1.jpg"},{"@type":"BreadcrumbList","@id":"https:\/\/pourvoiriequebecnature.com\/carte-du-territoire\/#breadcrumb","itemListElement":[{"@type":"ListItem","position":1,"name":"Home","item":"https:\/\/pourvoiriequebecnature.com\/"},{"@type":"ListItem","position":2,"name":"Carte du territoire"}]},{"@type":"WebSite","@id":"https:\/\/pourvoiriequebecnature.com\/#website","url":"https:\/\/pourvoiriequebecnature.com\/","name":"Quebec Nature Outfitter","description":"","publisher":{"@id":"https:\/\/pourvoiriequebecnature.com\/#organization"},"potentialAction":[{"@type":"SearchAction","target":{"@type":"EntryPoint","urlTemplate":"https:\/\/pourvoiriequebecnature.com\/?s={search_term_string}"},"query-input":{"@type":"PropertyValueSpecification","valueRequired":true,"valueName":"search_term_string"}}],"inLanguage":"en-CA"},{"@type":"Organization","@id":"https:\/\/pourvoiriequebecnature.com\/#organization","name":"Quebec Nature Outfitter","url":"https:\/\/pourvoiriequebecnature.com\/","logo":{"@type":"ImageObject","inLanguage":"en-CA","@id":"https:\/\/pourvoiriequebecnature.com\/#\/schema\/logo\/image\/","url":"https:\/\/pourvoiriequebecnature.com\/wp-content\/uploads\/2023\/03\/PourvoirieQuebecNature_LogoPhoto.png","contentUrl":"https:\/\/pourvoiriequebecnature.com\/wp-content\/uploads\/2023\/03\/PourvoirieQuebecNature_LogoPhoto.png","width":1800,"height":1800,"caption":"Pourvoirie Qu\u00e9bec Nature"},"image":{"@id":"https:\/\/pourvoiriequebecnature.com\/#\/schema\/logo\/image\/"},"sameAs":["https:\/\/www.facebook.com\/PourvoirieQuebecNature"],"description":"Experience the ultimate native brook trout paradise in the heart of the Valin Mountains, whether in a lodge or a magnificent log cabin.","email":"quebecnature@outlook.com","telephone":"(418) 573-4112"}]}},"_links":{"self":[{"href":"https:\/\/pourvoiriequebecnature.com\/en\/wp-json\/wp\/v2\/pages\/6544","targetHints":{"allow":["GET"]}}],"collection":[{"href":"https:\/\/pourvoiriequebecnature.com\/en\/wp-json\/wp\/v2\/pages"}],"about":[{"href":"https:\/\/pourvoiriequebecnature.com\/en\/wp-json\/wp\/v2\/types\/page"}],"author":[{"embeddable":true,"href":"https:\/\/pourvoiriequebecnature.com\/en\/wp-json\/wp\/v2\/users\/1"}],"replies":[{"embeddable":true,"href":"https:\/\/pourvoiriequebecnature.com\/en\/wp-json\/wp\/v2\/comments?post=6544"}],"version-history":[{"count":0,"href":"https:\/\/pourvoiriequebecnature.com\/en\/wp-json\/wp\/v2\/pages\/6544\/revisions"}],"wp:attachment":[{"href":"https:\/\/pourvoiriequebecnature.com\/en\/wp-json\/wp\/v2\/media?parent=6544"}],"curies":[{"name":"wp","href":"https:\/\/api.w.org\/{rel}","templated":true}]}}